{"id":8,"date":"2021-10-31T16:23:45","date_gmt":"2021-10-31T15:23:45","guid":{"rendered":"http:\/\/www.location-corse-maison.com\/?page_id=2"},"modified":"2021-10-31T16:23:45","modified_gmt":"2021-10-31T15:23:45","slug":"couvent-de-tuani","status":"publish","type":"page","link":"https:\/\/www.location-corse-maison.com\/?page_id=8","title":{"rendered":"Le Couvent de Tuani, Costa"},"content":{"rendered":"\n<p>Tout \u00e9quip\u00e9 &#8211; Max 20 personnes &#8211; 16 Chambres<\/p>\n\n\n\n<p>Un lieu exceptionnel pour passer ses vacances, en famille ou entre amis, dans un cadre naturel et paisible. Le couvent est class\u00e9 \u00e0 l\u2019inventaire suppl\u00e9mentaire des monuments historiques.<\/p>\n\n\n\n<p>Dominant la mer, le splendide ancien monast\u00e8re de Tuani, s\u2019entoure d\u2019un jardin clos et arbor\u00e9, agr\u00e9ment\u00e9 d\u2019un bassin (poissons rouges) et d\u2019une fontaine ; en son c\u0153ur un patio plant\u00e9 d\u2019agrumes. Vous y trouverez calme et s\u00e9r\u00e9nit\u00e9.<\/p>\n\n\n\n<p>Pour accueillir jusqu\u2019\u00e0 20 personnes, il dispose de 16 chambres dont 6 avec lits en 140.<\/p>\n\n\n\n<p>Il y a une grande salle vout\u00e9e avec chemin\u00e9e, internet par fibre optique et une TV avec bouquet satellite.<\/p>\n\n\n\n<p>Il poss\u00e8de aussi une grande cuisine parfaitement \u00e9quip\u00e9e , 3 salles de bain et une buanderie avec lave et s\u00e8che-linge. Le linge de maison est fourni. Il y a aussi des meubles de jardin et un \u00e9clairage ext\u00e9rieur.<\/p>\n\n\n\n<p>Tout pr\u00e8s de l\u00e0, vous pourrez profiter du golf du Reginu, de randonn\u00e9es \u00e9questres, et bien sur des plages situ\u00e9es \u00e0 un quart d\u2019heure de route (Lozari, l\u2019Ostriconi). Le couvent est situ\u00e9 dans le site Natura 2000 de la Vall\u00e9e du Regino.<\/p>\n\n\n\n<p>Informations et r\u00e9servation au 06 24 62 53 30<\/p>\n\n\n\n<p>Photos et informations compl\u00e9mentaires sur <a href=\"http:\/\/www.couventdetuani.com\" data-type=\"URL\" data-id=\"www.couventdetuani.com\">www.couventdetuani.com<\/a><\/p>\n","protected":false},"excerpt":{"rendered":"<p>Tout \u00e9quip\u00e9 &#8211; Max 20 personnes &#8211; 16 Chambres Un lieu exceptionnel pour passer ses vacances, en famille ou entre amis, dans un cadre naturel et paisible. Le couvent est class\u00e9 \u00e0 l\u2019inventaire suppl\u00e9mentaire des monuments historiques. Dominant la mer, le splendide ancien monast\u00e8re de Tuani, s\u2019entoure d\u2019un jardin clos et arbor\u00e9, agr\u00e9ment\u00e9 d\u2019un bassin [&hellip;]<\/p>\n","protected":false},"author":1,"featured_media":7,"parent":0,"menu_order":0,"comment_status":"closed","ping_status":"open","template":"","meta":{"footnotes":""},"class_list":["post-8","page","type-page","status-publish","has-post-thumbnail","hentry"],"_links":{"self":[{"href":"https:\/\/www.location-corse-maison.com\/index.php?rest_route=\/wp\/v2\/pages\/8","targetHints":{"allow":["GET"]}}],"collection":[{"href":"https:\/\/www.location-corse-maison.com\/index.php?rest_route=\/wp\/v2\/pages"}],"about":[{"href":"https:\/\/www.location-corse-maison.com\/index.php?rest_route=\/wp\/v2\/types\/page"}],"author":[{"embeddable":true,"href":"https:\/\/www.location-corse-maison.com\/index.php?rest_route=\/wp\/v2\/users\/1"}],"replies":[{"embeddable":true,"href":"https:\/\/www.location-corse-maison.com\/index.php?rest_route=%2Fwp%2Fv2%2Fcomments&post=8"}],"version-history":[{"count":0,"href":"https:\/\/www.location-corse-maison.com\/index.php?rest_route=\/wp\/v2\/pages\/8\/revisions"}],"wp:featuredmedia":[{"embeddable":true,"href":"https:\/\/www.location-corse-maison.com\/index.php?rest_route=\/wp\/v2\/posts\/7"}],"wp:attachment":[{"href":"https:\/\/www.location-corse-maison.com\/index.php?rest_route=%2Fwp%2Fv2%2Fmedia&parent=8"}],"curies":[{"name":"wp","href":"https:\/\/api.w.org\/{rel}","templated":true}]}}