{"id":23,"date":"2021-11-27T12:34:56","date_gmt":"2021-11-27T11:34:56","guid":{"rendered":"http:\/\/www.location-corse-maison.com\/?page_id=23"},"modified":"2021-11-27T12:34:56","modified_gmt":"2021-11-27T11:34:56","slug":"lancien-lavoir-a-costa","status":"publish","type":"page","link":"https:\/\/www.location-corse-maison.com\/?page_id=23","title":{"rendered":"L&rsquo;ancien lavoir, Costa"},"content":{"rendered":"\n<p>Tout \u00e9quip\u00e9 &#8211; Max 4 personnes &#8211; 3 couchages<\/p>\n\n\n\n<p>Maisonnette construite sur un lavoir du moyen-\u00e2ge, comprenant une pi\u00e8ce principale avec un lit en 140, coin cuisine \u00e9quip\u00e9 (micro-ondes, plaque de cuisson, r\u00e9frig\u00e9rateur, vaisselle&#8230;), salle de bain avec baignoire d&rsquo;angle, soupente avec deux couchages. Pour 4 personnes maximum.<\/p>\n\n\n\n<p>Superbe jardin plant\u00e9 de rosiers anciens, espace, vue superbe sur mer, montagne, villages.<\/p>\n\n\n\n<p>Elle est situ\u00e9e \u00e0 20mn d&rsquo;une grande plage de sable, \u00e0 25mn de l&rsquo;ile rousse (commerces, port, clubs de plong\u00e9e, squash&#8230;), \u00e0 3mn du tennis communal de Ville di Paraso, \u00e0 10mm du golf du R\u00e9gino, possibilit\u00e9 de ballades \u00e0 cheval au village voisin (3km), belles promenades familiales \u00e0 pied autour du couvent de Tuani en direction des villages de Ville di Paraso, Occhjatana, Speloncato, Belgod\u00e8re, nombreux artisans et artistes (ma\u00eetre verrier, potier&#8230;), nombreuses manifestations culturelles dans les environs (chants, th\u00e9\u00e2tre&#8230;).<\/p>\n\n\n\n<p>Informations et r\u00e9servation au 06 24 62 53 30<\/p>\n\n\n\n<p><a href=\"https:\/\/www.airbnb.fr\/rooms\/3399868\" data-type=\"link\" data-id=\"https:\/\/www.airbnb.fr\/rooms\/3399868\">Photos et r\u00e9servation ici.<\/a><\/p>\n","protected":false},"excerpt":{"rendered":"<p>Tout \u00e9quip\u00e9 &#8211; Max 4 personnes &#8211; 3 couchages Maisonnette construite sur un lavoir du moyen-\u00e2ge, comprenant une pi\u00e8ce principale avec un lit en 140, coin cuisine \u00e9quip\u00e9 (micro-ondes, plaque de cuisson, r\u00e9frig\u00e9rateur, vaisselle&#8230;), salle de bain avec baignoire d&rsquo;angle, soupente avec deux couchages. Pour 4 personnes maximum. Superbe jardin plant\u00e9 de rosiers anciens, espace, [&hellip;]<\/p>\n","protected":false},"author":1,"featured_media":0,"parent":0,"menu_order":0,"comment_status":"closed","ping_status":"closed","template":"","meta":{"footnotes":""},"class_list":["post-23","page","type-page","status-publish","hentry"],"_links":{"self":[{"href":"https:\/\/www.location-corse-maison.com\/index.php?rest_route=\/wp\/v2\/pages\/23","targetHints":{"allow":["GET"]}}],"collection":[{"href":"https:\/\/www.location-corse-maison.com\/index.php?rest_route=\/wp\/v2\/pages"}],"about":[{"href":"https:\/\/www.location-corse-maison.com\/index.php?rest_route=\/wp\/v2\/types\/page"}],"author":[{"embeddable":true,"href":"https:\/\/www.location-corse-maison.com\/index.php?rest_route=\/wp\/v2\/users\/1"}],"replies":[{"embeddable":true,"href":"https:\/\/www.location-corse-maison.com\/index.php?rest_route=%2Fwp%2Fv2%2Fcomments&post=23"}],"version-history":[{"count":0,"href":"https:\/\/www.location-corse-maison.com\/index.php?rest_route=\/wp\/v2\/pages\/23\/revisions"}],"wp:attachment":[{"href":"https:\/\/www.location-corse-maison.com\/index.php?rest_route=%2Fwp%2Fv2%2Fmedia&parent=23"}],"curies":[{"name":"wp","href":"https:\/\/api.w.org\/{rel}","templated":true}]}}