{"id":21,"date":"2021-11-27T12:34:19","date_gmt":"2021-11-27T11:34:19","guid":{"rendered":"http:\/\/www.location-corse-maison.com\/?page_id=21"},"modified":"2021-11-27T12:34:19","modified_gmt":"2021-11-27T11:34:19","slug":"le-moulin-de-ville-di-paraso","status":"publish","type":"page","link":"https:\/\/www.location-corse-maison.com\/?page_id=21","title":{"rendered":"Le moulin, Ville-Di-Paraso"},"content":{"rendered":"\n<p>Tout \u00e9quip\u00e9 &#8211; Max 5 personnes &#8211; 3 couchages, 2 chambres<\/p>\n\n\n\n<p><\/p>\n\n\n\n<p>Pour amateur de nature (ZNIEFF), au coeur d&rsquo;une exploitation agricole (oliveraie, brebis), l&rsquo;\u00e9tage sup\u00e9rieur restaur\u00e9 d&rsquo;un ancien moulin \u00e0 huile en bord de rivi\u00e8re. Pour 4\/5 personnes (5 maximum. 2 grands lits et un petit.). 2 grandes chambres, grande cuisine\/salle \u00e0 manger, terrasse. A 15mn (voiture) des plages et de la ville d&rsquo;Ile Rousse, proche tennis et golf.<\/p>\n\n\n\n<p>Informations et r\u00e9servation au 06 24 49 35 31<\/p>\n\n\n\n<p><a href=\"https:\/\/www.airbnb.fr\/rooms\/2765406\" data-type=\"link\" data-id=\"https:\/\/www.airbnb.fr\/rooms\/2765406\">Photos et r\u00e9servation ici.<\/a><\/p>\n","protected":false},"excerpt":{"rendered":"<p>Tout \u00e9quip\u00e9 &#8211; Max 5 personnes &#8211; 3 couchages, 2 chambres Pour amateur de nature (ZNIEFF), au coeur d&rsquo;une exploitation agricole (oliveraie, brebis), l&rsquo;\u00e9tage sup\u00e9rieur restaur\u00e9 d&rsquo;un ancien moulin \u00e0 huile en bord de rivi\u00e8re. Pour 4\/5 personnes (5 maximum. 2 grands lits et un petit.). 2 grandes chambres, grande cuisine\/salle \u00e0 manger, terrasse. A [&hellip;]<\/p>\n","protected":false},"author":1,"featured_media":0,"parent":0,"menu_order":0,"comment_status":"closed","ping_status":"closed","template":"","meta":{"footnotes":""},"class_list":["post-21","page","type-page","status-publish","hentry"],"_links":{"self":[{"href":"https:\/\/www.location-corse-maison.com\/index.php?rest_route=\/wp\/v2\/pages\/21","targetHints":{"allow":["GET"]}}],"collection":[{"href":"https:\/\/www.location-corse-maison.com\/index.php?rest_route=\/wp\/v2\/pages"}],"about":[{"href":"https:\/\/www.location-corse-maison.com\/index.php?rest_route=\/wp\/v2\/types\/page"}],"author":[{"embeddable":true,"href":"https:\/\/www.location-corse-maison.com\/index.php?rest_route=\/wp\/v2\/users\/1"}],"replies":[{"embeddable":true,"href":"https:\/\/www.location-corse-maison.com\/index.php?rest_route=%2Fwp%2Fv2%2Fcomments&post=21"}],"version-history":[{"count":0,"href":"https:\/\/www.location-corse-maison.com\/index.php?rest_route=\/wp\/v2\/pages\/21\/revisions"}],"wp:attachment":[{"href":"https:\/\/www.location-corse-maison.com\/index.php?rest_route=%2Fwp%2Fv2%2Fmedia&parent=21"}],"curies":[{"name":"wp","href":"https:\/\/api.w.org\/{rel}","templated":true}]}}