{"id":16,"date":"2021-11-27T12:31:29","date_gmt":"2021-11-27T11:31:29","guid":{"rendered":"http:\/\/www.location-corse-maison.com\/?page_id=16"},"modified":"2021-11-27T12:31:29","modified_gmt":"2021-11-27T11:31:29","slug":"locations-de-charmes-en-corse","status":"publish","type":"page","link":"https:\/\/www.location-corse-maison.com\/?page_id=16","title":{"rendered":"Locations de charmes en Corse"},"content":{"rendered":"\n<p>La r\u00e9gion de Balagne offre de magnifiques stations baln\u00e9aires mais aussi des paysages de collines fertiles, de coteaux rappelant la Toscane et une multitude de villages pittoresques charg\u00e9s d\u2019Histoire.&nbsp; Les circuits de promenades que ce soit \u00e0 pied ou \u00e0 v\u00e9lo sont nombreux.<br>Vous trouverez de tr\u00e8s nombreuses plages magnifiques \u00e0 proximit\u00e9 : Lozari, l\u2019Ostriconi, Bodri, Ghjunchitu, ainsi que les plages de l\u2019Ile Rousse, Lumio, Aregno et Calvi. Mais \u00e9galement des promenades en montagne et en for\u00eats avec baignades en rivi\u00e8res.<\/p>\n\n\n\n<figure class=\"wp-block-image size-full\"><img decoding=\"async\" src=\"http:\/\/www.location-corse-maison.com\/wp-content\/uploads\/2021\/11\/20190324_135041-Moyen.jpg\" alt=\"\" class=\"wp-image-13\"\/><figcaption>Presqu&rsquo;\u00efle de la Pietra, \u00eele Rousse<\/figcaption><\/figure>\n\n\n\n<p><\/p>\n","protected":false},"excerpt":{"rendered":"<p>La r\u00e9gion de Balagne offre de magnifiques stations baln\u00e9aires mais aussi des paysages de collines fertiles, de coteaux rappelant la Toscane et une multitude de villages pittoresques charg\u00e9s d\u2019Histoire.&nbsp; Les circuits de promenades que ce soit \u00e0 pied ou \u00e0 v\u00e9lo sont nombreux.Vous trouverez de tr\u00e8s nombreuses plages magnifiques \u00e0 proximit\u00e9 : Lozari, l\u2019Ostriconi, Bodri, [&hellip;]<\/p>\n","protected":false},"author":1,"featured_media":0,"parent":0,"menu_order":0,"comment_status":"closed","ping_status":"closed","template":"","meta":{"footnotes":""},"class_list":["post-16","page","type-page","status-publish","hentry"],"_links":{"self":[{"href":"https:\/\/www.location-corse-maison.com\/index.php?rest_route=\/wp\/v2\/pages\/16","targetHints":{"allow":["GET"]}}],"collection":[{"href":"https:\/\/www.location-corse-maison.com\/index.php?rest_route=\/wp\/v2\/pages"}],"about":[{"href":"https:\/\/www.location-corse-maison.com\/index.php?rest_route=\/wp\/v2\/types\/page"}],"author":[{"embeddable":true,"href":"https:\/\/www.location-corse-maison.com\/index.php?rest_route=\/wp\/v2\/users\/1"}],"replies":[{"embeddable":true,"href":"https:\/\/www.location-corse-maison.com\/index.php?rest_route=%2Fwp%2Fv2%2Fcomments&post=16"}],"version-history":[{"count":0,"href":"https:\/\/www.location-corse-maison.com\/index.php?rest_route=\/wp\/v2\/pages\/16\/revisions"}],"wp:attachment":[{"href":"https:\/\/www.location-corse-maison.com\/index.php?rest_route=%2Fwp%2Fv2%2Fmedia&parent=16"}],"curies":[{"name":"wp","href":"https:\/\/api.w.org\/{rel}","templated":true}]}}